{"id":2,"date":"2016-05-10T03:48:21","date_gmt":"2016-05-10T03:48:21","guid":{"rendered":"http:\/\/mronge.de\/?page_id=2"},"modified":"2025-04-22T17:43:22","modified_gmt":"2025-04-22T17:43:22","slug":"sample-page","status":"publish","type":"page","link":"https:\/\/mronge.de\/","title":{"rendered":""},"content":{"rendered":"\n<p class=\"has-text-align-center\"><\/p>\n\n\n\n<p class=\"has-text-align-center\"><strong>MRonge Elektrotechnik GmbH<\/strong><br>H\u00f6henb\u00fchlstr. 8<br>82541 Degerndorf (M\u00fcnsing)<\/p>\n\n\n\n<p class=\"has-text-align-center\"><strong>Markus Ronge<\/strong><br>Elektromeister<br>0178 1694744<\/p>\n\n\n\n<p class=\"has-text-align-center\">E-Mail:&nbsp;<a href=\"&#x6d;a&#x69;&#108;&#x74;&#111;:&#x69;&#110;&#x66;&#111;&#64;&#x6d;&#114;&#x6f;&#110;g&#x65;&#46;&#x64;&#101;\">&#105;&#x6e;&#x66;&#111;&#x40;&#x6d;&#114;&#x6f;&#x6e;&#103;&#x65;&#x2e;&#100;&#x65;<\/a><\/p>\n\n\n\n<p><\/p>\n","protected":false},"excerpt":{"rendered":"<p>MRonge Elektrotechnik GmbHH\u00f6henb\u00fchlstr. 882541 Degerndorf (M\u00fcnsing) Markus RongeElektromeister0178 1694744 E-Mail:&nbsp;i&#110;&#x66;&#x6f;&#x40;m&#114;&#111;&#x6e;&#x67;e&#46;&#100;&#x65;<\/p>\n","protected":false},"author":1,"featured_media":0,"parent":0,"menu_order":0,"comment_status":"closed","ping_status":"open","template":"","meta":{"footnotes":""},"class_list":["post-2","page","type-page","status-publish","hentry"],"_links":{"self":[{"href":"https:\/\/mronge.de\/index.php?rest_route=\/wp\/v2\/pages\/2","targetHints":{"allow":["GET"]}}],"collection":[{"href":"https:\/\/mronge.de\/index.php?rest_route=\/wp\/v2\/pages"}],"about":[{"href":"https:\/\/mronge.de\/index.php?rest_route=\/wp\/v2\/types\/page"}],"author":[{"embeddable":true,"href":"https:\/\/mronge.de\/index.php?rest_route=\/wp\/v2\/users\/1"}],"replies":[{"embeddable":true,"href":"https:\/\/mronge.de\/index.php?rest_route=%2Fwp%2Fv2%2Fcomments&post=2"}],"version-history":[{"count":8,"href":"https:\/\/mronge.de\/index.php?rest_route=\/wp\/v2\/pages\/2\/revisions"}],"predecessor-version":[{"id":86,"href":"https:\/\/mronge.de\/index.php?rest_route=\/wp\/v2\/pages\/2\/revisions\/86"}],"wp:attachment":[{"href":"https:\/\/mronge.de\/index.php?rest_route=%2Fwp%2Fv2%2Fmedia&parent=2"}],"curies":[{"name":"wp","href":"https:\/\/api.w.org\/{rel}","templated":true}]}}